
{"id":2871,"date":"2021-04-02T12:34:14","date_gmt":"2021-04-02T09:34:14","guid":{"rendered":"http:\/\/www.fotoyener.com\/?page_id=2871"},"modified":"2021-04-02T12:42:22","modified_gmt":"2021-04-02T09:42:22","slug":"hollanda-pasaport-vize-fotograf","status":"publish","type":"page","link":"https:\/\/www.fotoyener.com\/index.php\/hollanda-pasaport-vize-fotograf\/","title":{"rendered":"Hollanda Pasaport &#038; Vize Foto\u011fraf"},"content":{"rendered":"<div class='row'><div style='padding-bottom:30px;' class='span12 first-module module_number_1 module_cont  module_text_area'>\n                <div class='module_content'>\n                    <p>-&nbsp; Hollanda pasaport'u &ouml;zellikle Schengen foto\u011fraflar\u0131 ebatlar\u0131nda ayn\u0131 olup,kafa ve y&uuml;z orant\u0131lar\u0131 farkl\u0131 istemektedir. Firmam\u0131z Hollanda kriterlerine g&ouml;re 3,5x4,5 cm ebatlar\u0131nda istenilen kafa ve y&uuml;z oranlar\u0131 en do\u011fru bir \u015fekilde ayarlanarak yap\u0131lmaktad\u0131r. Foto\u011fraf bask\u0131s\u0131 &ccedil;\u0131kt\u0131ktan sonra foto\u011fraf\u0131n\u0131z Hollanda \u015fablonu ile kontrol edildikten sonra size teslim edilmektedir.<\/p>\r\n<p><span lang=\"EN-US\">-&nbsp; Hollanda Konsoloslu\u011fu kendi internet sayfas\u0131nda firmam\u0131z\u0131 siz de\u011ferli m&uuml;\u015fterilerimize &ouml;nermektedir. &Ouml;nermesinin sebebi istenilen &ouml;l&ccedil;&uuml;leri do\u011fru bir \u015fekilde yapmam\u0131zd\u0131r.&nbsp; <\/span><\/p>\r\n<p><span lang=\"EN-US\">-&nbsp; Yener Foto\u011fraf St&uuml;dyosu olarak siz de\u011ferli m&uuml;\u015fterilerimize en iyi en kaliteli en h\u0131zl\u0131 hizmeti vermekten memnuniyet duyar\u0131z.<\/span><\/p>\r\n<p><span lang=\"EN-US\">- <\/span><span lang=\"EN-US\">Hollanda <\/span>Pasaport, kimlik kart\u0131 ve ehliyet foto\u011fraflar\u0131 belirli gereksinimleri kar\u015f\u0131lamal\u0131d\u0131r.&nbsp;Boyut, kalite, arka plan, y&uuml;z g&ouml;r&uuml;n&uuml;m&uuml;, pozisyon, ifade, g&ouml;zl&uuml;k, \u0131\u015f\u0131kland\u0131rma ve &ccedil;er&ccedil;eveleme ile ilgili kurallar vard\u0131r.<\/p>\r\n<p>Boyutlar<\/p>\r\n<ul type=\"disc\">\r\n<li>Foto\u011fraf\u0131n<br \/>boyutu&nbsp;Boyut&nbsp;35 mm x 45 mm (geni\u015flik x y&uuml;kseklik) olmal\u0131d\u0131r.<\/li>\r\n<\/ul>\r\n<p>&nbsp;<\/p>\r\n<p>&Ccedil;er&ccedil;eveleme<\/p>\r\n<p>Ba\u015f a\u015fa\u011f\u0131daki gibi &ccedil;er&ccedil;evelenmelidir:<\/p>\r\n<ul type=\"disc\">\r\n<li>tam olarak g&ouml;sterilen kafa<\/li>\r\n<li>kafa merkezli.<\/li>\r\n<\/ul>\r\n<p>&nbsp;<\/p>\r\n<p>Soldan sa\u011fa: 1. Ba\u015f tam olarak g&ouml;sterilmemi\u015ftir.&nbsp;2. Ba\u015f ortalanmam\u0131\u015f.&nbsp;3. Do\u011fru.<\/p>\r\n<p>Foto\u011fraf kalitesi<\/p>\r\n<p>Foto\u011fraflar \u015fu &ouml;zelliklere sahip olmal\u0131d\u0131r:<\/p>\r\n<ul type=\"disc\">\r\n<li>renkli olmak<\/li>\r\n<li>ger&ccedil;ek bir benzerlik<\/li>\r\n<li>ba\u015fvuru tarihinde en fazla 6 ayl\u0131k olmak<\/li>\r\n<li>do\u011fal bir temsil olmak<\/li>\r\n<li>yeterli kontrast ve ayr\u0131nt\u0131yla keskin olun<\/li>\r\n<li>hasars\u0131z olmak<\/li>\r\n<li>&ccedil;o\u011faltma olmamal\u0131d\u0131r (kopya)<\/li>\r\n<li>bilgisayar yaz\u0131l\u0131m\u0131 taraf\u0131ndan de\u011fi\u015ftirilmemi\u015f<\/li>\r\n<li>y&uuml;ksek kaliteli, p&uuml;r&uuml;zs&uuml;z foto\u011fraf ka\u011f\u0131d\u0131na bas\u0131labilir<\/li>\r\n<li>minimum 320 dpi &ccedil;&ouml;z&uuml;n&uuml;rl&uuml;\u011fe sahip.<\/li>\r\n<\/ul>\r\n<p>&nbsp;<\/p>\r\n<p>Soldan sa\u011fa: 1. Odak d\u0131\u015f\u0131.&nbsp;2. Yetersiz kontrast.&nbsp;3. Do\u011fru.<\/p>\r\n<p>Ayd\u0131nlatma<\/p>\r\n<p>Ayd\u0131nlatma a\u015fa\u011f\u0131daki gibi olmal\u0131d\u0131r:<\/p>\r\n<ul type=\"disc\">\r\n<li>hatta<\/li>\r\n<li>a\u015f\u0131r\u0131 veya az pozlanmam\u0131\u015f<\/li>\r\n<li>y&uuml;zde veya arka planda g&ouml;lge yok<\/li>\r\n<li>y&uuml;z&uuml;nde yans\u0131ma yok<\/li>\r\n<li>aksesuarlardan kaynaklanan yans\u0131ma yok.<\/li>\r\n<\/ul>\r\n<p>&nbsp;<\/p>\r\n<p>Soldan sa\u011fa: 1. Yans\u0131ma (beyaz noktalar).&nbsp;2. Y&uuml;zde g&ouml;lge.&nbsp;3. Do\u011fru.<\/p>\r\n<p>Durum<\/p>\r\n<p>Pozisyon a\u015fa\u011f\u0131daki gibi olmal\u0131d\u0131r:<\/p>\r\n<ul type=\"disc\">\r\n<li>ba\u015f ileriye d&ouml;n&uuml;k<\/li>\r\n<li>yatay olarak hizalanm\u0131\u015f g&ouml;zler<\/li>\r\n<li>kafa e\u011fik de\u011fil<\/li>\r\n<li>omuzlar d&uuml;z.<\/li>\r\n<\/ul>\r\n<p>&nbsp;<\/p>\r\n<p>Soldan sa\u011fa: 1. Ba\u015f e\u011fik.&nbsp;2. Do\u011fru.<\/p>\r\n<p>Arka fon<\/p>\r\n<p>Arka plan a\u015fa\u011f\u0131daki gibi olmal\u0131d\u0131r:<\/p>\r\n<ul type=\"disc\">\r\n<li>a&ccedil;\u0131k gri, a&ccedil;\u0131k mavi veya beyaz<\/li>\r\n<li>sade<\/li>\r\n<li>hepsi tek renk<\/li>\r\n<li>hepsi bir g&ouml;lge<\/li>\r\n<li>kafa ile yeterince kontrast.<\/li>\r\n<\/ul>\r\n<p>&nbsp;<\/p>\r\n<p>Soldan sa\u011fa: 1. Arka plan tek renk de\u011fildir.&nbsp;2. Do\u011fru.<\/p>\r\n<p>G&ouml;zl&uuml;k<\/p>\r\n<p>G&ouml;zl&uuml;kler i&ccedil;in gereklilikler a\u015fa\u011f\u0131daki gibidir:<\/p>\r\n<ul type=\"disc\">\r\n<li>g&ouml;zler tamamen g&ouml;r&uuml;lebilir<\/li>\r\n<li>tamamen \u015feffaf camlar<\/li>\r\n<li>camlardan yans\u0131ma nedeniyle bozulma yok<\/li>\r\n<li>g&ouml;lge yok.<\/li>\r\n<\/ul>\r\n<p>&nbsp;<\/p>\r\n<p>Soldan sa\u011fa: 1. G&ouml;zler tam olarak g&ouml;r&uuml;nm&uuml;yor.&nbsp;2. Do\u011fru.<\/p>\r\n<p>Y&uuml;z g&ouml;r&uuml;n&uuml;m&uuml;<\/p>\r\n<p>Y&uuml;z g&ouml;r&uuml;n&uuml;m&uuml; i&ccedil;in gerekenler \u015fu \u015fekildedir:<\/p>\r\n<ul type=\"disc\">\r\n<li>ba\u015f\u0131 a&ccedil;\u0131k<\/li>\r\n<li>tamamen g&ouml;r&uuml;nen y&uuml;z<\/li>\r\n<li>g&ouml;zler tamamen g&ouml;r&uuml;lebilir.<\/li>\r\n<\/ul>\r\n<p>Y&uuml;z&uuml;n t&uuml;m geni\u015fli\u011fi g&ouml;sterildi\u011fi s&uuml;rece kulaklar\u0131n g&ouml;r&uuml;n&uuml;r olmas\u0131 gerekmez.<\/p>\r\n<p>&nbsp;<\/p>\r\n<p>Soldan sa\u011fa: 1. G&ouml;zler tam olarak g&ouml;r&uuml;nm&uuml;yor.&nbsp;2. Do\u011fru.<\/p>\r\n<p>\u0130fade<\/p>\r\n<p>\u0130fade \u015fartlar\u0131 a\u015fa\u011f\u0131daki gibidir:<\/p>\r\n<ul type=\"disc\">\r\n<li>tarafs\u0131z ifade<\/li>\r\n<li>do\u011frudan kameraya bakmak<\/li>\r\n<li>a\u011f\u0131z kapal\u0131.<\/li>\r\n<\/ul>\r\n<p>&nbsp;<\/p>\r\n<p>Soldan sa\u011fa: 1. A\u011f\u0131z kapal\u0131 de\u011fil.&nbsp;2. do\u011fru.<\/p>\r\n<p>Dini nedenlerle istisna<\/p>\r\n<p>Dininiz veya inanc\u0131n\u0131z nedeniyle ba\u015f\u0131n\u0131z\u0131 kapal\u0131 tutarsan\u0131z, foto\u011fraf\u0131n\u0131z i&ccedil;in ba\u015f\u0131n\u0131z\u0131 &ouml;rtebilirsiniz.&nbsp;Ba\u015f &ouml;rt&uuml;s&uuml; d&uuml;z olmal\u0131, tek renk olmal\u0131 ve arka planla da kontrast olu\u015fturmal\u0131d\u0131r.<\/p>\r\n<p>&nbsp;<\/p>\r\n<p>Soldan sa\u011fa: 1. Y&uuml;z tam olarak g&ouml;r&uuml;nm&uuml;yor.&nbsp;2. Do\u011fru.<\/p>\r\n<p>&nbsp;<\/p>\r\n<p>Soldan sa\u011fa: 1. Y&uuml;z tam olarak g&ouml;r&uuml;nm&uuml;yor.&nbsp;2. Do\u011fru.<\/p>\r\n<p>&nbsp;<\/p>\r\n<p>6 ya\u015f\u0131n alt\u0131ndaki &ccedil;ocuklar i&ccedil;in istisna<\/p>\r\n<p>6 ya\u015f\u0131n alt\u0131ndaki &ccedil;ocuklar\u0131n a\u015fa\u011f\u0131daki gereksinimleri kar\u015f\u0131lamas\u0131 gerekmez:<\/p>\r\n<ul type=\"disc\">\r\n<li>Pozisyon: 'g&ouml;zler yatay olarak hizalanm\u0131\u015f,' ba\u015f e\u011filmemi\u015f 've' omuzlar d&uuml;z '<\/li>\r\n<li>\u0130fade: 'tarafs\u0131z ifade', 'do\u011frudan kameraya bakma' ve 'a\u011f\u0131z kapal\u0131'<\/li>\r\n<\/ul>\r\n<ul type=\"disc\">\r\n<li>&Ccedil;ocu\u011fun desteklenmesi gerekiyorsa, bu foto\u011frafta g&ouml;r&uuml;nmemelidir.&nbsp;<\/li>\r\n<\/ul>\r\n<p>&nbsp;<\/p>\r\n<p>Soldan sa\u011fa: 1. G&ouml;r&uuml;n&uuml;r destek. 2. Do\u011fru.<\/p>\n                <\/div><\/div><!-- .module_cont --><\/div>","protected":false},"excerpt":{"rendered":"<p>&#8211;&nbsp; Hollanda pasaport&#8217;u &ouml;zellikle Schengen foto\u011fraflar\u0131 ebatlar\u0131nda ayn\u0131 olup,kafa ve y&uuml;z orant\u0131lar\u0131 farkl\u0131 istemektedir. Firmam\u0131z Hollanda kriterlerine g&ouml;re 3,5&#215;4,5 cm ebatlar\u0131nda istenilen kafa ve y&uuml;z oranlar\u0131 en do\u011fru bir \u015fekilde ayarlanarak yap\u0131lmaktad\u0131r. Foto\u011fraf bask\u0131s\u0131 &ccedil;\u0131kt\u0131ktan sonra foto\u011fraf\u0131n\u0131z Hollanda \u015fablonu ile kontrol edildikten sonra size teslim edilmektedir. &#8211;&nbsp; Hollanda Konsoloslu\u011fu kendi internet sayfas\u0131nda firmam\u0131z\u0131 siz de\u011ferli m&uuml;\u015fterilerimize &ouml;nermektedir. &Ouml;nermesinin sebebi istenilen &ouml;l&ccedil;&uuml;leri do\u011fru bir \u015fekilde yapmam\u0131zd\u0131r.&nbsp; &#8211;&nbsp; Yener Foto\u011fraf St&uuml;dyosu olarak siz de\u011ferli m&uuml;\u015fterilerimize en iyi en kaliteli en h\u0131zl\u0131 hizmeti vermekten memnuniyet duyar\u0131z. &#8211; Hollanda Pasaport, kimlik kart\u0131 ve ehliyet foto\u011fraflar\u0131 belirli gereksinimleri kar\u015f\u0131lamal\u0131d\u0131r.&nbsp;Boyut, kalite, arka plan, y&uuml;z g&ouml;r&uuml;n&uuml;m&uuml;, pozisyon, ifade, g&ouml;zl&uuml;k, \u0131\u015f\u0131kland\u0131rma ve &ccedil;er&ccedil;eveleme ile ilgili kurallar vard\u0131r. Boyutlar Foto\u011fraf\u0131nboyutu&nbsp;Boyut&nbsp;35 mm x 45 mm (geni\u015flik x y&uuml;kseklik) olmal\u0131d\u0131r. &nbsp; &Ccedil;er&ccedil;eveleme Ba\u015f a\u015fa\u011f\u0131daki gibi &ccedil;er&ccedil;evelenmelidir: tam olarak g&ouml;sterilen kafa kafa merkezli. &nbsp; Soldan sa\u011fa: 1. Ba\u015f tam olarak g&ouml;sterilmemi\u015ftir.&nbsp;2. Ba\u015f ortalanmam\u0131\u015f.&nbsp;3. Do\u011fru. Foto\u011fraf kalitesi Foto\u011fraflar \u015fu &ouml;zelliklere sahip olmal\u0131d\u0131r: renkli olmak ger&ccedil;ek bir benzerlik ba\u015fvuru tarihinde en fazla 6 ayl\u0131k olmak do\u011fal bir temsil olmak yeterli kontrast ve ayr\u0131nt\u0131yla keskin olun hasars\u0131z olmak &ccedil;o\u011faltma olmamal\u0131d\u0131r (kopya) bilgisayar yaz\u0131l\u0131m\u0131 taraf\u0131ndan de\u011fi\u015ftirilmemi\u015f y&uuml;ksek kaliteli, p&uuml;r&uuml;zs&uuml;z foto\u011fraf ka\u011f\u0131d\u0131na bas\u0131labilir minimum 320 dpi &ccedil;&ouml;z&uuml;n&uuml;rl&uuml;\u011fe sahip. &nbsp; Soldan sa\u011fa: 1. Odak d\u0131\u015f\u0131.&nbsp;2. Yetersiz kontrast.&nbsp;3. Do\u011fru. [&hellip;]<\/p>\n","protected":false},"author":1,"featured_media":0,"parent":0,"menu_order":0,"comment_status":"closed","ping_status":"closed","template":"","meta":{"footnotes":""},"class_list":["post-2871","page","type-page","status-publish","hentry"],"_links":{"self":[{"href":"https:\/\/www.fotoyener.com\/index.php\/wp-json\/wp\/v2\/pages\/2871","targetHints":{"allow":["GET"]}}],"collection":[{"href":"https:\/\/www.fotoyener.com\/index.php\/wp-json\/wp\/v2\/pages"}],"about":[{"href":"https:\/\/www.fotoyener.com\/index.php\/wp-json\/wp\/v2\/types\/page"}],"author":[{"embeddable":true,"href":"https:\/\/www.fotoyener.com\/index.php\/wp-json\/wp\/v2\/users\/1"}],"replies":[{"embeddable":true,"href":"https:\/\/www.fotoyener.com\/index.php\/wp-json\/wp\/v2\/comments?post=2871"}],"version-history":[{"count":1,"href":"https:\/\/www.fotoyener.com\/index.php\/wp-json\/wp\/v2\/pages\/2871\/revisions"}],"predecessor-version":[{"id":2872,"href":"https:\/\/www.fotoyener.com\/index.php\/wp-json\/wp\/v2\/pages\/2871\/revisions\/2872"}],"wp:attachment":[{"href":"https:\/\/www.fotoyener.com\/index.php\/wp-json\/wp\/v2\/media?parent=2871"}],"curies":[{"name":"wp","href":"https:\/\/api.w.org\/{rel}","templated":true}]}}