{"id":546,"date":"2014-03-07T15:02:41","date_gmt":"2014-03-07T15:02:41","guid":{"rendered":"http:\/\/www.gt3themes.com\/wordpress-themes\/eclipse\/?page_id=546"},"modified":"2022-01-05T16:09:40","modified_gmt":"2022-01-05T13:09:40","slug":"iletisim","status":"publish","type":"page","link":"https:\/\/www.fotoyener.com\/index.php\/iletisim\/","title":{"rendered":"\u0130letisim"},"content":{"rendered":"<div class='row'><div style='padding-bottom:40px;' class='span12 first-module module_number_1 module_cont  module_text_area'>\n                <div class='module_content'>\n                    <p>Her t\u00fcrl\u00fc soru, g\u00f6r\u00fc\u015f ve \u00f6nerileriniz i\u00e7in a\u015fa\u011f\u0131daki ileti\u015fim formu ve telefon numaralar\u0131 \u00fczerinden bize ula\u015fabilirsiniz.<\/p>\n                <\/div><\/div><!-- .module_cont --><\/div><div class='row'><div style='padding-bottom:30px;' class='span12  module_number_2 module_cont  module_title'><div class='bg_title'><h4 style='' class='headInModule'>Adres<\/h4><\/div><\/div><!-- .module_cont --><\/div><div class='row'><div style='padding-bottom:40px;' class='span6  module_number_3 module_cont no_bg module_contact_info'><ul class='contact_info_list'><li class='contact_info_item'><div class='contact_info_wrapper'><span class='contact_info_icon' style='background:#ffffff;'><i style='color:#e9e9e9' class='icon-home'><\/i><\/span><div class=\"contact_info_text\">Turan G\u00fcne\u015f Bulvar\u0131 12\/C Y\u0131ld\u0131z \u00c7ankaya \/ ANKARA<\/div><\/div><\/li><li class='contact_info_item'><div class='contact_info_wrapper'><span class='contact_info_icon' style='background:#ffffff;'><i style='color:#e9e9e9' class='icon-phone'><\/i><\/span><div class=\"contact_info_text\">0 (312) 438 36 34<\/div><\/div><\/li><li class='contact_info_item'><div class='contact_info_wrapper'><span class='contact_info_icon' style='background:#ffffff;'><i style='color:#e9e9e9' class='icon-envelope'><\/i><\/span><div class=\"contact_info_text\"><a href=\"mailto:fotoyener@hotmail.com\">fotoyener@hotmail.com<\/a><\/div><\/div><\/li><li class='contact_info_item'><div class='contact_info_wrapper'><span class='contact_info_icon' style='background:#ffffff;'><i style='color:#e9e9e9' class='icon-twitter'><\/i><\/span><div class=\"contact_info_text\"><a href=\"http:\/\/www.twitter.com\/yenercolor\">Twitter<\/a><\/div><\/div><\/li><li class='contact_info_item'><div class='contact_info_wrapper'><span class='contact_info_icon' style='background:#ffffff;'><i style='color:#e9e9e9' class='icon-facebook-square'><\/i><\/span><div class=\"contact_info_text\"><a href=\"http:\/\/www.facebook.com\/fotoyener\">Facebook<\/a><\/div><\/div><\/li><li class='contact_info_item'><div class='contact_info_wrapper'><span class='contact_info_icon' style='background:#ffffff;'><i style='color:#e9e9e9' class='icon-youtube-play'><\/i><\/span><div class=\"contact_info_text\"><a href=\"http:\/\/www.youtube.com\/fotoyener\">YouTube<\/a><\/div><\/div><\/li><li class='contact_info_item'><div class='contact_info_wrapper'><span class='contact_info_icon' style='background:#ffffff;'><i style='color:#e9e9e9' class='icon-instagram'><\/i><\/span><div class=\"contact_info_text\"><a href=\"http:\/\/www.instagram.com\/fotoyener\">Instagram<\/a><\/div><\/div><\/li><li class='contact_info_item'><div class='contact_info_wrapper'><span class='contact_info_icon' style='background:#ffffff;'><i style='color:#e9e9e9' class='icon-vimeo-square'><\/i><\/span><div class=\"contact_info_text\"><a href=\"https:\/\/vimeo.com\/fotoyener\">Vimeo<\/a><\/div><\/div><\/li><\/ul><\/div><!-- .module_cont --><div style='padding-bottom:30px;' class='span6  module_number_4 module_cont  module_html'>\n                <div class='module_content'>\n                    <p>\n<div class=\"wpcf7 no-js\" id=\"wpcf7-f2144-o1\" lang=\"tr-TR\" dir=\"ltr\">\n<div class=\"screen-reader-response\"><p role=\"status\" aria-live=\"polite\" aria-atomic=\"true\"><\/p> <ul><\/ul><\/div>\n<form action=\"\/index.php\/wp-json\/wp\/v2\/pages\/546#wpcf7-f2144-o1\" method=\"post\" class=\"wpcf7-form init\" aria-label=\"Contact form\" novalidate=\"novalidate\" data-status=\"init\">\n<div style=\"display: none;\">\n<input type=\"hidden\" name=\"_wpcf7\" value=\"2144\" \/>\n<input type=\"hidden\" name=\"_wpcf7_version\" value=\"5.7.6\" \/>\n<input type=\"hidden\" name=\"_wpcf7_locale\" value=\"tr_TR\" \/>\n<input type=\"hidden\" name=\"_wpcf7_unit_tag\" value=\"wpcf7-f2144-o1\" \/>\n<input type=\"hidden\" name=\"_wpcf7_container_post\" value=\"0\" \/>\n<input type=\"hidden\" name=\"_wpcf7_posted_data_hash\" value=\"\" \/>\n<\/div>\n<p>Ad\u0131n\u0131z (gerekli)\n<\/p>\n<p><span class=\"wpcf7-form-control-wrap\" data-name=\"your-name\"><input size=\"40\" class=\"wpcf7-form-control wpcf7-text wpcf7-validates-as-required\" aria-required=\"true\" aria-invalid=\"false\" value=\"\" type=\"text\" name=\"your-name\" \/><\/span>\n<\/p>\n<p>Epostan\u0131z (gerekli)\n<\/p>\n<p><span class=\"wpcf7-form-control-wrap\" data-name=\"your-email\"><input size=\"40\" class=\"wpcf7-form-control wpcf7-text wpcf7-email wpcf7-validates-as-required wpcf7-validates-as-email\" aria-required=\"true\" aria-invalid=\"false\" value=\"\" type=\"email\" name=\"your-email\" \/><\/span>\n<\/p>\n<p>Konu\n<\/p>\n<p><span class=\"wpcf7-form-control-wrap\" data-name=\"your-subject\"><input size=\"40\" class=\"wpcf7-form-control wpcf7-text\" aria-invalid=\"false\" value=\"\" type=\"text\" name=\"your-subject\" \/><\/span>\n<\/p>\n<p>\u0130letiniz\n<\/p>\n<p><span class=\"wpcf7-form-control-wrap\" data-name=\"your-message\"><textarea cols=\"40\" rows=\"10\" class=\"wpcf7-form-control wpcf7-textarea\" aria-invalid=\"false\" name=\"your-message\"><\/textarea><\/span>\n<\/p>\n<p><input class=\"wpcf7-form-control has-spinner wpcf7-submit\" type=\"submit\" value=\"G\u00f6nder\" \/>\n<\/p><div class=\"wpcf7-response-output\" aria-hidden=\"true\"><\/div>\n<\/form>\n<\/div>\n<\/p>\n                <\/div><\/div><!-- .module_cont --><\/div><div class='row'><div style='padding-bottom:0px;' class='span12  module_number_5 module_cont  module_google_map'>\n                <div class='module_content'>\n                    <div class=''>\n                        <iframe src=\"https:\/\/mapsengine.google.com\/map\/embed?mid=zTEnXbZ-frr8.kI7K0OFEH70U\" width=\"840\" height=\"480\"><\/iframe>\n                    <\/div>\n                <\/div><\/div><!-- .module_cont --><\/div>","protected":false},"excerpt":{"rendered":"<p>Her t\u00fcrl\u00fc soru, g\u00f6r\u00fc\u015f ve \u00f6nerileriniz i\u00e7in a\u015fa\u011f\u0131daki ileti\u015fim formu ve telefon numaralar\u0131 \u00fczerinden bize ula\u015fabilirsiniz. AdresTuran G\u00fcne\u015f Bulvar\u0131 12\/C Y\u0131ld\u0131z \u00c7ankaya \/ ANKARA0 (312) 438 36 34fotoyener@hotmail.comTwitterFacebookYouTubeInstagramVimeo Ad\u0131n\u0131z (gerekli) Epostan\u0131z (gerekli) Konu \u0130letiniz<\/p>\n","protected":false},"author":1,"featured_media":0,"parent":0,"menu_order":0,"comment_status":"open","ping_status":"open","template":"","meta":[],"_links":{"self":[{"href":"https:\/\/www.fotoyener.com\/index.php\/wp-json\/wp\/v2\/pages\/546"}],"collection":[{"href":"https:\/\/www.fotoyener.com\/index.php\/wp-json\/wp\/v2\/pages"}],"about":[{"href":"https:\/\/www.fotoyener.com\/index.php\/wp-json\/wp\/v2\/types\/page"}],"author":[{"embeddable":true,"href":"https:\/\/www.fotoyener.com\/index.php\/wp-json\/wp\/v2\/users\/1"}],"replies":[{"embeddable":true,"href":"https:\/\/www.fotoyener.com\/index.php\/wp-json\/wp\/v2\/comments?post=546"}],"version-history":[{"count":3,"href":"https:\/\/www.fotoyener.com\/index.php\/wp-json\/wp\/v2\/pages\/546\/revisions"}],"predecessor-version":[{"id":2147,"href":"https:\/\/www.fotoyener.com\/index.php\/wp-json\/wp\/v2\/pages\/546\/revisions\/2147"}],"wp:attachment":[{"href":"https:\/\/www.fotoyener.com\/index.php\/wp-json\/wp\/v2\/media?parent=546"}],"curies":[{"name":"wp","href":"https:\/\/api.w.org\/{rel}","templated":true}]}}