{"id":6,"date":"2014-03-03T07:37:11","date_gmt":"2014-03-03T07:37:11","guid":{"rendered":"http:\/\/www.gt3themes.com\/wordpress-themes\/eclipse\/?page_id=6"},"modified":"2018-08-02T10:04:47","modified_gmt":"2018-08-02T07:04:47","slug":"hakkimizda","status":"publish","type":"page","link":"https:\/\/www.fotoyener.com\/index.php\/hakkimizda\/","title":{"rendered":"Hakk\u0131m\u0131zda"},"content":{"rendered":"<p><strong><img decoding=\"async\" loading=\"lazy\" class=\"aligncenter wp-image-2733 size-large\" src=\"http:\/\/www.fotoyener.com\/wp-content\/uploads\/2018\/02\/WhatsApp-Image-2018-02-12-at-19.32.471-1024x500.jpg\" alt=\"\" width=\"940\" height=\"459\" srcset=\"https:\/\/www.fotoyener.com\/wp-content\/uploads\/2018\/02\/WhatsApp-Image-2018-02-12-at-19.32.471.jpg 1024w, https:\/\/www.fotoyener.com\/wp-content\/uploads\/2018\/02\/WhatsApp-Image-2018-02-12-at-19.32.471-300x146.jpg 300w, https:\/\/www.fotoyener.com\/wp-content\/uploads\/2018\/02\/WhatsApp-Image-2018-02-12-at-19.32.471-768x375.jpg 768w\" sizes=\"(max-width: 940px) 100vw, 940px\" \/><br \/>\nFoto Yener Digital<\/strong> ; 1972 y\u0131l\u0131nda kurulmu\u015f olup siz de\u011ferli m\u00fc\u015fterilerimize en kaliteli hizmeti vermek i\u00e7in \u00e7al\u0131\u015f\u0131lmaktad\u0131r.<\/p>\n<p><strong>Hizmet Anlay\u0131\u015f\u0131m\u0131z<\/strong> : M\u00fc\u015fteri memnuniyetine dayal\u0131 hizmet anlay\u0131\u015f\u0131m\u0131z gere\u011fi, teknolojinin en son imkanlar\u0131n\u0131,istenilen sonuca ula\u015fabilmek i\u00e7in hizmetinize sunuyoruz.<\/p>\n<p><strong>Deneyimli kadromuz<\/strong>, geli\u015fmi\u015f teknik donan\u0131m\u0131m\u0131z, profesyonel yakla\u015f\u0131m\u0131m\u0131z , g\u00fcler y\u00fczl\u00fc ve samimi hizmetimizle Foto Yener Digital olarak m\u00fckemmele ula\u015fabilmenin \u00e7abas\u0131 ve sizlere lay\u0131k olabilmenin gayreti i\u00e7indeyiz.<\/p>\n<p><strong>Kalite Anlay\u0131\u015f\u0131m\u0131z<\/strong> : Geli\u015fen teknolojinin son imkanlar\u0131yla, m\u00fc\u015fterilerimize bekledikleri kaliteyi, h\u0131zl\u0131 ve kusursuz olarak sunman\u0131n \u00e7abas\u0131 i\u00e7indeyiz. HD Bask\u0131, kopyalama ve transfer sistemlerinin en geli\u015fmi\u015fleri ile \u00e7al\u0131\u015fman\u0131n sa\u011flad\u0131\u011f\u0131 g\u00f6zle g\u00f6r\u00fcl\u00fcr, elle tutulur kalitemiz sayesinde en m\u00fckemmel sonucu elde edecek,<\/p>\n<p>Foto Yener Digital\u2019i se\u00e7mekte ne kadar hakl\u0131 oldu\u011funuzu siz de g\u00f6receksiniz.<\/p>\n","protected":false},"excerpt":{"rendered":"<p>Foto Yener Digital ; 1972 y\u0131l\u0131nda kurulmu\u015f olup siz de\u011ferli m\u00fc\u015fterilerimize en kaliteli hizmeti vermek i\u00e7in \u00e7al\u0131\u015f\u0131lmaktad\u0131r. Hizmet Anlay\u0131\u015f\u0131m\u0131z : M\u00fc\u015fteri memnuniyetine dayal\u0131 hizmet anlay\u0131\u015f\u0131m\u0131z gere\u011fi, teknolojinin en son imkanlar\u0131n\u0131,istenilen sonuca ula\u015fabilmek i\u00e7in hizmetinize sunuyoruz. Deneyimli kadromuz, geli\u015fmi\u015f teknik donan\u0131m\u0131m\u0131z, profesyonel yakla\u015f\u0131m\u0131m\u0131z , g\u00fcler y\u00fczl\u00fc ve samimi hizmetimizle Foto Yener Digital olarak m\u00fckemmele ula\u015fabilmenin \u00e7abas\u0131 ve sizlere lay\u0131k olabilmenin gayreti i\u00e7indeyiz. Kalite Anlay\u0131\u015f\u0131m\u0131z : Geli\u015fen teknolojinin son imkanlar\u0131yla, m\u00fc\u015fterilerimize bekledikleri kaliteyi, h\u0131zl\u0131 ve kusursuz olarak sunman\u0131n \u00e7abas\u0131 i\u00e7indeyiz. HD Bask\u0131, kopyalama ve transfer sistemlerinin en geli\u015fmi\u015fleri ile \u00e7al\u0131\u015fman\u0131n sa\u011flad\u0131\u011f\u0131 g\u00f6zle g\u00f6r\u00fcl\u00fcr, elle tutulur kalitemiz sayesinde en m\u00fckemmel sonucu elde edecek, Foto Yener Digital\u2019i se\u00e7mekte ne kadar hakl\u0131 oldu\u011funuzu siz de g\u00f6receksiniz.<\/p>\n","protected":false},"author":1,"featured_media":0,"parent":0,"menu_order":0,"comment_status":"open","ping_status":"open","template":"page-center.php","meta":[],"_links":{"self":[{"href":"https:\/\/www.fotoyener.com\/index.php\/wp-json\/wp\/v2\/pages\/6"}],"collection":[{"href":"https:\/\/www.fotoyener.com\/index.php\/wp-json\/wp\/v2\/pages"}],"about":[{"href":"https:\/\/www.fotoyener.com\/index.php\/wp-json\/wp\/v2\/types\/page"}],"author":[{"embeddable":true,"href":"https:\/\/www.fotoyener.com\/index.php\/wp-json\/wp\/v2\/users\/1"}],"replies":[{"embeddable":true,"href":"https:\/\/www.fotoyener.com\/index.php\/wp-json\/wp\/v2\/comments?post=6"}],"version-history":[{"count":9,"href":"https:\/\/www.fotoyener.com\/index.php\/wp-json\/wp\/v2\/pages\/6\/revisions"}],"predecessor-version":[{"id":2739,"href":"https:\/\/www.fotoyener.com\/index.php\/wp-json\/wp\/v2\/pages\/6\/revisions\/2739"}],"wp:attachment":[{"href":"https:\/\/www.fotoyener.com\/index.php\/wp-json\/wp\/v2\/media?parent=6"}],"curies":[{"name":"wp","href":"https:\/\/api.w.org\/{rel}","templated":true}]}}